{"id":34,"date":"2025-01-31T16:08:14","date_gmt":"2025-01-31T15:08:14","guid":{"rendered":"http:\/\/www.bimpson.fr\/?page_id=34"},"modified":"2025-09-03T17:39:05","modified_gmt":"2025-09-03T15:39:05","slug":"trop-lent-pour-etre-vu","status":"publish","type":"page","link":"https:\/\/www.bimpson.fr\/index.php\/trop-lent-pour-etre-vu\/","title":{"rendered":"trop lent pour \u00eatre vu"},"content":{"rendered":"\n<p>Tout va trop vite. M\u00eame les photos.<br>Alors je ralentis. Je pose l\u2019appareil, j\u2019attends.<\/p>\n\n\n\n<figure data-wp-context=\"{&quot;imageId&quot;:&quot;69eb75ecb1ac4&quot;}\" data-wp-interactive=\"core\/image\" data-wp-key=\"69eb75ecb1ac4\" class=\"wp-block-image size-large wp-lightbox-container\"><img loading=\"lazy\" decoding=\"async\" width=\"1024\" height=\"651\" data-wp-class--hide=\"state.isContentHidden\" data-wp-class--show=\"state.isContentVisible\" data-wp-init=\"callbacks.setButtonStyles\" data-wp-on--click=\"actions.showLightbox\" data-wp-on--load=\"callbacks.setButtonStyles\" data-wp-on-window--resize=\"callbacks.setButtonStyles\" src=\"http:\/\/www.bimpson.fr\/wp-content\/uploads\/2025\/02\/P8271070-1024x651.jpg\" alt=\"\" class=\"wp-image-163\" srcset=\"https:\/\/www.bimpson.fr\/wp-content\/uploads\/2025\/02\/P8271070-1024x651.jpg 1024w, https:\/\/www.bimpson.fr\/wp-content\/uploads\/2025\/02\/P8271070-300x191.jpg 300w, https:\/\/www.bimpson.fr\/wp-content\/uploads\/2025\/02\/P8271070-768x489.jpg 768w, https:\/\/www.bimpson.fr\/wp-content\/uploads\/2025\/02\/P8271070-1536x977.jpg 1536w, https:\/\/www.bimpson.fr\/wp-content\/uploads\/2025\/02\/P8271070-2048x1303.jpg 2048w\" sizes=\"auto, (max-width: 1024px) 100vw, 1024px\" \/><button\n\t\t\tclass=\"lightbox-trigger\"\n\t\t\ttype=\"button\"\n\t\t\taria-haspopup=\"dialog\"\n\t\t\taria-label=\"Agrandir\"\n\t\t\tdata-wp-init=\"callbacks.initTriggerButton\"\n\t\t\tdata-wp-on--click=\"actions.showLightbox\"\n\t\t\tdata-wp-style--right=\"state.imageButtonRight\"\n\t\t\tdata-wp-style--top=\"state.imageButtonTop\"\n\t\t>\n\t\t\t<svg xmlns=\"http:\/\/www.w3.org\/2000\/svg\" width=\"12\" height=\"12\" fill=\"none\" viewBox=\"0 0 12 12\">\n\t\t\t\t<path fill=\"#fff\" d=\"M2 0a2 2 0 0 0-2 2v2h1.5V2a.5.5 0 0 1 .5-.5h2V0H2Zm2 10.5H2a.5.5 0 0 1-.5-.5V8H0v2a2 2 0 0 0 2 2h2v-1.5ZM8 12v-1.5h2a.5.5 0 0 0 .5-.5V8H12v2a2 2 0 0 1-2 2H8Zm2-12a2 2 0 0 1 2 2v2h-1.5V2a.5.5 0 0 0-.5-.5H8V0h2Z\" \/>\n\t\t\t<\/svg>\n\t\t<\/button><\/figure>\n\n\n\n<p>Ce qui est trop press\u00e9 dispara\u00eet. Ce qui insiste, reste.<br>Ces images sont faites avec du temps. Pas pour cr\u00e9er un effet, mais pour retrouver un rythme.<br>Celui des choses qui ne font pas de bruit, qui glissent, qui vibrent doucement.<br>La pose longue ne r\u00e9v\u00e8le pas un autre monde. Elle laisse celui-ci se d\u00e9poser.<br>\u00c0 son rythme, pas au mien.<br>Tout ce que vous voyez ici \u00e9tait l\u00e0.<br>Juste trop lent pour \u00eatre vu.<br>Je ne cherche pas \u00e0 figer. Au contraire.<br>Je laisse passer ce qui passe, et je regarde ce qui r\u00e9siste au passage.<br><\/p>\n\n\n\n<div class=\"wp-block-group is-layout-grid wp-container-core-group-is-layout-478b6e6b wp-block-group-is-layout-grid\">\n<figure data-wp-context=\"{&quot;imageId&quot;:&quot;69eb75ecb2066&quot;}\" data-wp-interactive=\"core\/image\" data-wp-key=\"69eb75ecb2066\" class=\"wp-block-image size-large wp-lightbox-container\"><img loading=\"lazy\" decoding=\"async\" width=\"1024\" height=\"768\" data-wp-class--hide=\"state.isContentHidden\" data-wp-class--show=\"state.isContentVisible\" data-wp-init=\"callbacks.setButtonStyles\" data-wp-on--click=\"actions.showLightbox\" data-wp-on--load=\"callbacks.setButtonStyles\" data-wp-on-window--resize=\"callbacks.setButtonStyles\" src=\"https:\/\/www.bimpson.fr\/wp-content\/uploads\/2025\/04\/P4030939-1024x768.jpg\" alt=\"\" class=\"wp-image-269\" srcset=\"https:\/\/www.bimpson.fr\/wp-content\/uploads\/2025\/04\/P4030939-1024x768.jpg 1024w, https:\/\/www.bimpson.fr\/wp-content\/uploads\/2025\/04\/P4030939-300x225.jpg 300w, https:\/\/www.bimpson.fr\/wp-content\/uploads\/2025\/04\/P4030939-768x576.jpg 768w, https:\/\/www.bimpson.fr\/wp-content\/uploads\/2025\/04\/P4030939-1536x1152.jpg 1536w, https:\/\/www.bimpson.fr\/wp-content\/uploads\/2025\/04\/P4030939-2048x1536.jpg 2048w\" sizes=\"auto, (max-width: 1024px) 100vw, 1024px\" \/><button\n\t\t\tclass=\"lightbox-trigger\"\n\t\t\ttype=\"button\"\n\t\t\taria-haspopup=\"dialog\"\n\t\t\taria-label=\"Agrandir\"\n\t\t\tdata-wp-init=\"callbacks.initTriggerButton\"\n\t\t\tdata-wp-on--click=\"actions.showLightbox\"\n\t\t\tdata-wp-style--right=\"state.imageButtonRight\"\n\t\t\tdata-wp-style--top=\"state.imageButtonTop\"\n\t\t>\n\t\t\t<svg xmlns=\"http:\/\/www.w3.org\/2000\/svg\" width=\"12\" height=\"12\" fill=\"none\" viewBox=\"0 0 12 12\">\n\t\t\t\t<path fill=\"#fff\" d=\"M2 0a2 2 0 0 0-2 2v2h1.5V2a.5.5 0 0 1 .5-.5h2V0H2Zm2 10.5H2a.5.5 0 0 1-.5-.5V8H0v2a2 2 0 0 0 2 2h2v-1.5ZM8 12v-1.5h2a.5.5 0 0 0 .5-.5V8H12v2a2 2 0 0 1-2 2H8Zm2-12a2 2 0 0 1 2 2v2h-1.5V2a.5.5 0 0 0-.5-.5H8V0h2Z\" \/>\n\t\t\t<\/svg>\n\t\t<\/button><\/figure>\n\n\n\n<figure data-wp-context=\"{&quot;imageId&quot;:&quot;69eb75ecb24cc&quot;}\" data-wp-interactive=\"core\/image\" data-wp-key=\"69eb75ecb24cc\" class=\"wp-block-image size-large wp-lightbox-container\"><img loading=\"lazy\" decoding=\"async\" width=\"1024\" height=\"768\" data-wp-class--hide=\"state.isContentHidden\" data-wp-class--show=\"state.isContentVisible\" data-wp-init=\"callbacks.setButtonStyles\" data-wp-on--click=\"actions.showLightbox\" data-wp-on--load=\"callbacks.setButtonStyles\" data-wp-on-window--resize=\"callbacks.setButtonStyles\" src=\"https:\/\/www.bimpson.fr\/wp-content\/uploads\/2025\/08\/P5021390-1024x768.jpg\" alt=\"\" class=\"wp-image-295\" srcset=\"https:\/\/www.bimpson.fr\/wp-content\/uploads\/2025\/08\/P5021390-1024x768.jpg 1024w, https:\/\/www.bimpson.fr\/wp-content\/uploads\/2025\/08\/P5021390-300x225.jpg 300w, https:\/\/www.bimpson.fr\/wp-content\/uploads\/2025\/08\/P5021390-768x576.jpg 768w, https:\/\/www.bimpson.fr\/wp-content\/uploads\/2025\/08\/P5021390-1536x1152.jpg 1536w, https:\/\/www.bimpson.fr\/wp-content\/uploads\/2025\/08\/P5021390-2048x1536.jpg 2048w\" sizes=\"auto, (max-width: 1024px) 100vw, 1024px\" \/><button\n\t\t\tclass=\"lightbox-trigger\"\n\t\t\ttype=\"button\"\n\t\t\taria-haspopup=\"dialog\"\n\t\t\taria-label=\"Agrandir\"\n\t\t\tdata-wp-init=\"callbacks.initTriggerButton\"\n\t\t\tdata-wp-on--click=\"actions.showLightbox\"\n\t\t\tdata-wp-style--right=\"state.imageButtonRight\"\n\t\t\tdata-wp-style--top=\"state.imageButtonTop\"\n\t\t>\n\t\t\t<svg xmlns=\"http:\/\/www.w3.org\/2000\/svg\" width=\"12\" height=\"12\" fill=\"none\" viewBox=\"0 0 12 12\">\n\t\t\t\t<path fill=\"#fff\" d=\"M2 0a2 2 0 0 0-2 2v2h1.5V2a.5.5 0 0 1 .5-.5h2V0H2Zm2 10.5H2a.5.5 0 0 1-.5-.5V8H0v2a2 2 0 0 0 2 2h2v-1.5ZM8 12v-1.5h2a.5.5 0 0 0 .5-.5V8H12v2a2 2 0 0 1-2 2H8Zm2-12a2 2 0 0 1 2 2v2h-1.5V2a.5.5 0 0 0-.5-.5H8V0h2Z\" \/>\n\t\t\t<\/svg>\n\t\t<\/button><\/figure>\n\n\n\n<figure data-wp-context=\"{&quot;imageId&quot;:&quot;69eb75ecb28ba&quot;}\" data-wp-interactive=\"core\/image\" data-wp-key=\"69eb75ecb28ba\" class=\"wp-block-image size-large wp-lightbox-container\"><img loading=\"lazy\" decoding=\"async\" width=\"1024\" height=\"768\" data-wp-class--hide=\"state.isContentHidden\" data-wp-class--show=\"state.isContentVisible\" data-wp-init=\"callbacks.setButtonStyles\" data-wp-on--click=\"actions.showLightbox\" data-wp-on--load=\"callbacks.setButtonStyles\" data-wp-on-window--resize=\"callbacks.setButtonStyles\" src=\"https:\/\/www.bimpson.fr\/wp-content\/uploads\/2025\/04\/P4060959-1024x768.jpg\" alt=\"\" class=\"wp-image-272\" srcset=\"https:\/\/www.bimpson.fr\/wp-content\/uploads\/2025\/04\/P4060959-1024x768.jpg 1024w, https:\/\/www.bimpson.fr\/wp-content\/uploads\/2025\/04\/P4060959-300x225.jpg 300w, https:\/\/www.bimpson.fr\/wp-content\/uploads\/2025\/04\/P4060959-768x576.jpg 768w, https:\/\/www.bimpson.fr\/wp-content\/uploads\/2025\/04\/P4060959-1536x1152.jpg 1536w, https:\/\/www.bimpson.fr\/wp-content\/uploads\/2025\/04\/P4060959-2048x1536.jpg 2048w\" sizes=\"auto, (max-width: 1024px) 100vw, 1024px\" \/><button\n\t\t\tclass=\"lightbox-trigger\"\n\t\t\ttype=\"button\"\n\t\t\taria-haspopup=\"dialog\"\n\t\t\taria-label=\"Agrandir\"\n\t\t\tdata-wp-init=\"callbacks.initTriggerButton\"\n\t\t\tdata-wp-on--click=\"actions.showLightbox\"\n\t\t\tdata-wp-style--right=\"state.imageButtonRight\"\n\t\t\tdata-wp-style--top=\"state.imageButtonTop\"\n\t\t>\n\t\t\t<svg xmlns=\"http:\/\/www.w3.org\/2000\/svg\" width=\"12\" height=\"12\" fill=\"none\" viewBox=\"0 0 12 12\">\n\t\t\t\t<path fill=\"#fff\" d=\"M2 0a2 2 0 0 0-2 2v2h1.5V2a.5.5 0 0 1 .5-.5h2V0H2Zm2 10.5H2a.5.5 0 0 1-.5-.5V8H0v2a2 2 0 0 0 2 2h2v-1.5ZM8 12v-1.5h2a.5.5 0 0 0 .5-.5V8H12v2a2 2 0 0 1-2 2H8Zm2-12a2 2 0 0 1 2 2v2h-1.5V2a.5.5 0 0 0-.5-.5H8V0h2Z\" \/>\n\t\t\t<\/svg>\n\t\t<\/button><\/figure>\n\n\n\n<div class=\"wp-block-group is-layout-grid wp-container-core-group-is-layout-478b6e6b wp-block-group-is-layout-grid\">\n<figure data-wp-context=\"{&quot;imageId&quot;:&quot;69eb75ecb2ccc&quot;}\" data-wp-interactive=\"core\/image\" data-wp-key=\"69eb75ecb2ccc\" class=\"wp-block-image size-large wp-lightbox-container\"><img loading=\"lazy\" decoding=\"async\" width=\"1024\" height=\"768\" data-wp-class--hide=\"state.isContentHidden\" data-wp-class--show=\"state.isContentVisible\" data-wp-init=\"callbacks.setButtonStyles\" data-wp-on--click=\"actions.showLightbox\" data-wp-on--load=\"callbacks.setButtonStyles\" data-wp-on-window--resize=\"callbacks.setButtonStyles\" src=\"http:\/\/www.bimpson.fr\/wp-content\/uploads\/2025\/08\/CedricBaumer-4-1024x768.jpg\" alt=\"\" class=\"wp-image-411\" srcset=\"https:\/\/www.bimpson.fr\/wp-content\/uploads\/2025\/08\/CedricBaumer-4-1024x768.jpg 1024w, https:\/\/www.bimpson.fr\/wp-content\/uploads\/2025\/08\/CedricBaumer-4-300x225.jpg 300w, https:\/\/www.bimpson.fr\/wp-content\/uploads\/2025\/08\/CedricBaumer-4-768x576.jpg 768w, https:\/\/www.bimpson.fr\/wp-content\/uploads\/2025\/08\/CedricBaumer-4-600x450.jpg 600w, https:\/\/www.bimpson.fr\/wp-content\/uploads\/2025\/08\/CedricBaumer-4.jpg 1200w\" sizes=\"auto, (max-width: 1024px) 100vw, 1024px\" \/><button\n\t\t\tclass=\"lightbox-trigger\"\n\t\t\ttype=\"button\"\n\t\t\taria-haspopup=\"dialog\"\n\t\t\taria-label=\"Agrandir\"\n\t\t\tdata-wp-init=\"callbacks.initTriggerButton\"\n\t\t\tdata-wp-on--click=\"actions.showLightbox\"\n\t\t\tdata-wp-style--right=\"state.imageButtonRight\"\n\t\t\tdata-wp-style--top=\"state.imageButtonTop\"\n\t\t>\n\t\t\t<svg xmlns=\"http:\/\/www.w3.org\/2000\/svg\" width=\"12\" height=\"12\" fill=\"none\" viewBox=\"0 0 12 12\">\n\t\t\t\t<path fill=\"#fff\" d=\"M2 0a2 2 0 0 0-2 2v2h1.5V2a.5.5 0 0 1 .5-.5h2V0H2Zm2 10.5H2a.5.5 0 0 1-.5-.5V8H0v2a2 2 0 0 0 2 2h2v-1.5ZM8 12v-1.5h2a.5.5 0 0 0 .5-.5V8H12v2a2 2 0 0 1-2 2H8Zm2-12a2 2 0 0 1 2 2v2h-1.5V2a.5.5 0 0 0-.5-.5H8V0h2Z\" \/>\n\t\t\t<\/svg>\n\t\t<\/button><\/figure>\n<\/div>\n\n\n\n<figure data-wp-context=\"{&quot;imageId&quot;:&quot;69eb75ecb3865&quot;}\" data-wp-interactive=\"core\/image\" data-wp-key=\"69eb75ecb3865\" class=\"wp-block-image size-large wp-lightbox-container\"><img loading=\"lazy\" decoding=\"async\" width=\"1024\" height=\"768\" data-wp-class--hide=\"state.isContentHidden\" data-wp-class--show=\"state.isContentVisible\" data-wp-init=\"callbacks.setButtonStyles\" data-wp-on--click=\"actions.showLightbox\" data-wp-on--load=\"callbacks.setButtonStyles\" data-wp-on-window--resize=\"callbacks.setButtonStyles\" src=\"https:\/\/www.bimpson.fr\/wp-content\/uploads\/2025\/09\/P8090065-1024x768.jpg\" alt=\"\" class=\"wp-image-578\" srcset=\"https:\/\/www.bimpson.fr\/wp-content\/uploads\/2025\/09\/P8090065-1024x768.jpg 1024w, https:\/\/www.bimpson.fr\/wp-content\/uploads\/2025\/09\/P8090065-300x225.jpg 300w, https:\/\/www.bimpson.fr\/wp-content\/uploads\/2025\/09\/P8090065-768x576.jpg 768w, https:\/\/www.bimpson.fr\/wp-content\/uploads\/2025\/09\/P8090065-1536x1152.jpg 1536w, https:\/\/www.bimpson.fr\/wp-content\/uploads\/2025\/09\/P8090065.jpg 2048w\" sizes=\"auto, (max-width: 1024px) 100vw, 1024px\" \/><button\n\t\t\tclass=\"lightbox-trigger\"\n\t\t\ttype=\"button\"\n\t\t\taria-haspopup=\"dialog\"\n\t\t\taria-label=\"Agrandir\"\n\t\t\tdata-wp-init=\"callbacks.initTriggerButton\"\n\t\t\tdata-wp-on--click=\"actions.showLightbox\"\n\t\t\tdata-wp-style--right=\"state.imageButtonRight\"\n\t\t\tdata-wp-style--top=\"state.imageButtonTop\"\n\t\t>\n\t\t\t<svg xmlns=\"http:\/\/www.w3.org\/2000\/svg\" width=\"12\" height=\"12\" fill=\"none\" viewBox=\"0 0 12 12\">\n\t\t\t\t<path fill=\"#fff\" d=\"M2 0a2 2 0 0 0-2 2v2h1.5V2a.5.5 0 0 1 .5-.5h2V0H2Zm2 10.5H2a.5.5 0 0 1-.5-.5V8H0v2a2 2 0 0 0 2 2h2v-1.5ZM8 12v-1.5h2a.5.5 0 0 0 .5-.5V8H12v2a2 2 0 0 1-2 2H8Zm2-12a2 2 0 0 1 2 2v2h-1.5V2a.5.5 0 0 0-.5-.5H8V0h2Z\" \/>\n\t\t\t<\/svg>\n\t\t<\/button><\/figure>\n\n\n\n<figure data-wp-context=\"{&quot;imageId&quot;:&quot;69eb75ecb3cc4&quot;}\" data-wp-interactive=\"core\/image\" data-wp-key=\"69eb75ecb3cc4\" class=\"wp-block-image size-large wp-lightbox-container\"><img loading=\"lazy\" decoding=\"async\" width=\"1024\" height=\"768\" data-wp-class--hide=\"state.isContentHidden\" data-wp-class--show=\"state.isContentVisible\" data-wp-init=\"callbacks.setButtonStyles\" data-wp-on--click=\"actions.showLightbox\" data-wp-on--load=\"callbacks.setButtonStyles\" data-wp-on-window--resize=\"callbacks.setButtonStyles\" src=\"https:\/\/www.bimpson.fr\/wp-content\/uploads\/2025\/09\/P8060037-1024x768.jpg\" alt=\"\" class=\"wp-image-580\" srcset=\"https:\/\/www.bimpson.fr\/wp-content\/uploads\/2025\/09\/P8060037-1024x768.jpg 1024w, https:\/\/www.bimpson.fr\/wp-content\/uploads\/2025\/09\/P8060037-300x225.jpg 300w, https:\/\/www.bimpson.fr\/wp-content\/uploads\/2025\/09\/P8060037-768x576.jpg 768w, https:\/\/www.bimpson.fr\/wp-content\/uploads\/2025\/09\/P8060037-1536x1152.jpg 1536w, https:\/\/www.bimpson.fr\/wp-content\/uploads\/2025\/09\/P8060037.jpg 2048w\" sizes=\"auto, (max-width: 1024px) 100vw, 1024px\" \/><button\n\t\t\tclass=\"lightbox-trigger\"\n\t\t\ttype=\"button\"\n\t\t\taria-haspopup=\"dialog\"\n\t\t\taria-label=\"Agrandir\"\n\t\t\tdata-wp-init=\"callbacks.initTriggerButton\"\n\t\t\tdata-wp-on--click=\"actions.showLightbox\"\n\t\t\tdata-wp-style--right=\"state.imageButtonRight\"\n\t\t\tdata-wp-style--top=\"state.imageButtonTop\"\n\t\t>\n\t\t\t<svg xmlns=\"http:\/\/www.w3.org\/2000\/svg\" width=\"12\" height=\"12\" fill=\"none\" viewBox=\"0 0 12 12\">\n\t\t\t\t<path fill=\"#fff\" d=\"M2 0a2 2 0 0 0-2 2v2h1.5V2a.5.5 0 0 1 .5-.5h2V0H2Zm2 10.5H2a.5.5 0 0 1-.5-.5V8H0v2a2 2 0 0 0 2 2h2v-1.5ZM8 12v-1.5h2a.5.5 0 0 0 .5-.5V8H12v2a2 2 0 0 1-2 2H8Zm2-12a2 2 0 0 1 2 2v2h-1.5V2a.5.5 0 0 0-.5-.5H8V0h2Z\" \/>\n\t\t\t<\/svg>\n\t\t<\/button><\/figure>\n<\/div>\n\n\n\n<p>Ce sont des images o\u00f9 le temps a sa propre mati\u00e8re.<br>Une lumi\u00e8re plus douce, un mouvement effac\u00e9, un monde un peu brumeux.<br>Peut-\u00eatre que ce que je cherche l\u00e0-dedans, ce n\u2019est pas un sujet.<br>C\u2019est une forme de calme, de pr\u00e9sence, presque une tentative de ne pas d\u00e9ranger.<\/p>\n\n\n\n<blockquote class=\"wp-block-quote is-layout-flow wp-block-quote-is-layout-flow\">\n<p>\u201cTout ce qui est exquis m\u00fbrit lentement.\u201d<\/p>\n\n\n\n<p>Arthur Schopenhauer<\/p>\n<\/blockquote>\n\n\n\n<div class=\"wp-block-group is-layout-grid wp-container-core-group-is-layout-478b6e6b wp-block-group-is-layout-grid\">\n<figure data-wp-context=\"{&quot;imageId&quot;:&quot;69eb75ecb4282&quot;}\" data-wp-interactive=\"core\/image\" data-wp-key=\"69eb75ecb4282\" class=\"wp-block-image size-large wp-lightbox-container\"><img loading=\"lazy\" decoding=\"async\" width=\"768\" height=\"1024\" data-wp-class--hide=\"state.isContentHidden\" data-wp-class--show=\"state.isContentVisible\" data-wp-init=\"callbacks.setButtonStyles\" data-wp-on--click=\"actions.showLightbox\" data-wp-on--load=\"callbacks.setButtonStyles\" data-wp-on-window--resize=\"callbacks.setButtonStyles\" src=\"https:\/\/www.bimpson.fr\/wp-content\/uploads\/2025\/08\/P4161030-768x1024.jpg\" alt=\"\" class=\"wp-image-297\" srcset=\"https:\/\/www.bimpson.fr\/wp-content\/uploads\/2025\/08\/P4161030-768x1024.jpg 768w, https:\/\/www.bimpson.fr\/wp-content\/uploads\/2025\/08\/P4161030-225x300.jpg 225w, https:\/\/www.bimpson.fr\/wp-content\/uploads\/2025\/08\/P4161030-1152x1536.jpg 1152w, https:\/\/www.bimpson.fr\/wp-content\/uploads\/2025\/08\/P4161030.jpg 1536w\" sizes=\"auto, (max-width: 768px) 100vw, 768px\" \/><button\n\t\t\tclass=\"lightbox-trigger\"\n\t\t\ttype=\"button\"\n\t\t\taria-haspopup=\"dialog\"\n\t\t\taria-label=\"Agrandir\"\n\t\t\tdata-wp-init=\"callbacks.initTriggerButton\"\n\t\t\tdata-wp-on--click=\"actions.showLightbox\"\n\t\t\tdata-wp-style--right=\"state.imageButtonRight\"\n\t\t\tdata-wp-style--top=\"state.imageButtonTop\"\n\t\t>\n\t\t\t<svg xmlns=\"http:\/\/www.w3.org\/2000\/svg\" width=\"12\" height=\"12\" fill=\"none\" viewBox=\"0 0 12 12\">\n\t\t\t\t<path fill=\"#fff\" d=\"M2 0a2 2 0 0 0-2 2v2h1.5V2a.5.5 0 0 1 .5-.5h2V0H2Zm2 10.5H2a.5.5 0 0 1-.5-.5V8H0v2a2 2 0 0 0 2 2h2v-1.5ZM8 12v-1.5h2a.5.5 0 0 0 .5-.5V8H12v2a2 2 0 0 1-2 2H8Zm2-12a2 2 0 0 1 2 2v2h-1.5V2a.5.5 0 0 0-.5-.5H8V0h2Z\" \/>\n\t\t\t<\/svg>\n\t\t<\/button><\/figure>\n\n\n\n<figure data-wp-context=\"{&quot;imageId&quot;:&quot;69eb75ecb468a&quot;}\" data-wp-interactive=\"core\/image\" data-wp-key=\"69eb75ecb468a\" class=\"wp-block-image size-large wp-lightbox-container\"><img loading=\"lazy\" decoding=\"async\" width=\"1024\" height=\"768\" data-wp-class--hide=\"state.isContentHidden\" data-wp-class--show=\"state.isContentVisible\" data-wp-init=\"callbacks.setButtonStyles\" data-wp-on--click=\"actions.showLightbox\" data-wp-on--load=\"callbacks.setButtonStyles\" data-wp-on-window--resize=\"callbacks.setButtonStyles\" src=\"http:\/\/www.bimpson.fr\/wp-content\/uploads\/2025\/02\/P5300654-1024x768.jpg\" alt=\"\" class=\"wp-image-99\" srcset=\"https:\/\/www.bimpson.fr\/wp-content\/uploads\/2025\/02\/P5300654-1024x768.jpg 1024w, https:\/\/www.bimpson.fr\/wp-content\/uploads\/2025\/02\/P5300654-300x225.jpg 300w, https:\/\/www.bimpson.fr\/wp-content\/uploads\/2025\/02\/P5300654-768x576.jpg 768w, https:\/\/www.bimpson.fr\/wp-content\/uploads\/2025\/02\/P5300654-1536x1152.jpg 1536w, https:\/\/www.bimpson.fr\/wp-content\/uploads\/2025\/02\/P5300654-2048x1536.jpg 2048w\" sizes=\"auto, (max-width: 1024px) 100vw, 1024px\" \/><button\n\t\t\tclass=\"lightbox-trigger\"\n\t\t\ttype=\"button\"\n\t\t\taria-haspopup=\"dialog\"\n\t\t\taria-label=\"Agrandir\"\n\t\t\tdata-wp-init=\"callbacks.initTriggerButton\"\n\t\t\tdata-wp-on--click=\"actions.showLightbox\"\n\t\t\tdata-wp-style--right=\"state.imageButtonRight\"\n\t\t\tdata-wp-style--top=\"state.imageButtonTop\"\n\t\t>\n\t\t\t<svg xmlns=\"http:\/\/www.w3.org\/2000\/svg\" width=\"12\" height=\"12\" fill=\"none\" viewBox=\"0 0 12 12\">\n\t\t\t\t<path fill=\"#fff\" d=\"M2 0a2 2 0 0 0-2 2v2h1.5V2a.5.5 0 0 1 .5-.5h2V0H2Zm2 10.5H2a.5.5 0 0 1-.5-.5V8H0v2a2 2 0 0 0 2 2h2v-1.5ZM8 12v-1.5h2a.5.5 0 0 0 .5-.5V8H12v2a2 2 0 0 1-2 2H8Zm2-12a2 2 0 0 1 2 2v2h-1.5V2a.5.5 0 0 0-.5-.5H8V0h2Z\" \/>\n\t\t\t<\/svg>\n\t\t<\/button><\/figure>\n\n\n\n<figure data-wp-context=\"{&quot;imageId&quot;:&quot;69eb75ecb4abf&quot;}\" data-wp-interactive=\"core\/image\" data-wp-key=\"69eb75ecb4abf\" class=\"wp-block-image size-large wp-lightbox-container\"><img loading=\"lazy\" decoding=\"async\" width=\"768\" height=\"1024\" data-wp-class--hide=\"state.isContentHidden\" data-wp-class--show=\"state.isContentVisible\" data-wp-init=\"callbacks.setButtonStyles\" data-wp-on--click=\"actions.showLightbox\" data-wp-on--load=\"callbacks.setButtonStyles\" data-wp-on-window--resize=\"callbacks.setButtonStyles\" src=\"http:\/\/www.bimpson.fr\/wp-content\/uploads\/2025\/02\/PB111573-768x1024.jpg\" alt=\"\" class=\"wp-image-216\" srcset=\"https:\/\/www.bimpson.fr\/wp-content\/uploads\/2025\/02\/PB111573-768x1024.jpg 768w, https:\/\/www.bimpson.fr\/wp-content\/uploads\/2025\/02\/PB111573-225x300.jpg 225w, https:\/\/www.bimpson.fr\/wp-content\/uploads\/2025\/02\/PB111573-1152x1536.jpg 1152w, https:\/\/www.bimpson.fr\/wp-content\/uploads\/2025\/02\/PB111573-1536x2048.jpg 1536w, https:\/\/www.bimpson.fr\/wp-content\/uploads\/2025\/02\/PB111573-scaled.jpg 1920w\" sizes=\"auto, (max-width: 768px) 100vw, 768px\" \/><button\n\t\t\tclass=\"lightbox-trigger\"\n\t\t\ttype=\"button\"\n\t\t\taria-haspopup=\"dialog\"\n\t\t\taria-label=\"Agrandir\"\n\t\t\tdata-wp-init=\"callbacks.initTriggerButton\"\n\t\t\tdata-wp-on--click=\"actions.showLightbox\"\n\t\t\tdata-wp-style--right=\"state.imageButtonRight\"\n\t\t\tdata-wp-style--top=\"state.imageButtonTop\"\n\t\t>\n\t\t\t<svg xmlns=\"http:\/\/www.w3.org\/2000\/svg\" width=\"12\" height=\"12\" fill=\"none\" viewBox=\"0 0 12 12\">\n\t\t\t\t<path fill=\"#fff\" d=\"M2 0a2 2 0 0 0-2 2v2h1.5V2a.5.5 0 0 1 .5-.5h2V0H2Zm2 10.5H2a.5.5 0 0 1-.5-.5V8H0v2a2 2 0 0 0 2 2h2v-1.5ZM8 12v-1.5h2a.5.5 0 0 0 .5-.5V8H12v2a2 2 0 0 1-2 2H8Zm2-12a2 2 0 0 1 2 2v2h-1.5V2a.5.5 0 0 0-.5-.5H8V0h2Z\" \/>\n\t\t\t<\/svg>\n\t\t<\/button><\/figure>\n<\/div>\n","protected":false},"excerpt":{"rendered":"<p>Tout va trop vite. M\u00eame les photos.Alors je ralentis. Je pose l\u2019appareil, j\u2019attends. Ce qui est trop press\u00e9 dispara\u00eet. Ce qui insiste, reste.Ces images sont faites avec du temps. Pas pour cr\u00e9er un effet, mais pour retrouver un rythme.Celui des choses qui ne font pas de bruit, qui glissent, qui vibrent doucement.La pose longue ne&hellip;<\/p>\n","protected":false},"author":1,"featured_media":0,"parent":0,"menu_order":0,"comment_status":"closed","ping_status":"closed","template":"","meta":{"footnotes":""},"class_list":["post-34","page","type-page","status-publish","hentry"],"jetpack_sharing_enabled":true,"_links":{"self":[{"href":"https:\/\/www.bimpson.fr\/index.php\/wp-json\/wp\/v2\/pages\/34","targetHints":{"allow":["GET"]}}],"collection":[{"href":"https:\/\/www.bimpson.fr\/index.php\/wp-json\/wp\/v2\/pages"}],"about":[{"href":"https:\/\/www.bimpson.fr\/index.php\/wp-json\/wp\/v2\/types\/page"}],"author":[{"embeddable":true,"href":"https:\/\/www.bimpson.fr\/index.php\/wp-json\/wp\/v2\/users\/1"}],"replies":[{"embeddable":true,"href":"https:\/\/www.bimpson.fr\/index.php\/wp-json\/wp\/v2\/comments?post=34"}],"version-history":[{"count":15,"href":"https:\/\/www.bimpson.fr\/index.php\/wp-json\/wp\/v2\/pages\/34\/revisions"}],"predecessor-version":[{"id":621,"href":"https:\/\/www.bimpson.fr\/index.php\/wp-json\/wp\/v2\/pages\/34\/revisions\/621"}],"wp:attachment":[{"href":"https:\/\/www.bimpson.fr\/index.php\/wp-json\/wp\/v2\/media?parent=34"}],"curies":[{"name":"wp","href":"https:\/\/api.w.org\/{rel}","templated":true}]}}