{"id":36,"date":"2025-01-31T16:08:49","date_gmt":"2025-01-31T15:08:49","guid":{"rendered":"http:\/\/www.bimpson.fr\/?page_id=36"},"modified":"2025-09-03T17:38:47","modified_gmt":"2025-09-03T15:38:47","slug":"sans-suite-apparente","status":"publish","type":"page","link":"https:\/\/www.bimpson.fr\/index.php\/sans-suite-apparente\/","title":{"rendered":"sans suite apparente"},"content":{"rendered":"\n<p>Parfois, une image s\u2019impose seule.<\/p>\n\n\n\n<figure data-wp-context=\"{&quot;imageId&quot;:&quot;69eb765608dc8&quot;}\" data-wp-interactive=\"core\/image\" data-wp-key=\"69eb765608dc8\" class=\"wp-block-image size-large wp-lightbox-container\"><img loading=\"lazy\" decoding=\"async\" width=\"1024\" height=\"768\" data-wp-class--hide=\"state.isContentHidden\" data-wp-class--show=\"state.isContentVisible\" data-wp-init=\"callbacks.setButtonStyles\" data-wp-on--click=\"actions.showLightbox\" data-wp-on--load=\"callbacks.setButtonStyles\" data-wp-on-window--resize=\"callbacks.setButtonStyles\" src=\"http:\/\/www.bimpson.fr\/wp-content\/uploads\/2025\/02\/PA251536-1024x768.jpg\" alt=\"\" class=\"wp-image-166\" srcset=\"https:\/\/www.bimpson.fr\/wp-content\/uploads\/2025\/02\/PA251536-1024x768.jpg 1024w, https:\/\/www.bimpson.fr\/wp-content\/uploads\/2025\/02\/PA251536-300x225.jpg 300w, https:\/\/www.bimpson.fr\/wp-content\/uploads\/2025\/02\/PA251536-768x576.jpg 768w, https:\/\/www.bimpson.fr\/wp-content\/uploads\/2025\/02\/PA251536-1536x1152.jpg 1536w, https:\/\/www.bimpson.fr\/wp-content\/uploads\/2025\/02\/PA251536-2048x1536.jpg 2048w\" sizes=\"auto, (max-width: 1024px) 100vw, 1024px\" \/><button\n\t\t\tclass=\"lightbox-trigger\"\n\t\t\ttype=\"button\"\n\t\t\taria-haspopup=\"dialog\"\n\t\t\taria-label=\"Agrandir\"\n\t\t\tdata-wp-init=\"callbacks.initTriggerButton\"\n\t\t\tdata-wp-on--click=\"actions.showLightbox\"\n\t\t\tdata-wp-style--right=\"state.imageButtonRight\"\n\t\t\tdata-wp-style--top=\"state.imageButtonTop\"\n\t\t>\n\t\t\t<svg xmlns=\"http:\/\/www.w3.org\/2000\/svg\" width=\"12\" height=\"12\" fill=\"none\" viewBox=\"0 0 12 12\">\n\t\t\t\t<path fill=\"#fff\" d=\"M2 0a2 2 0 0 0-2 2v2h1.5V2a.5.5 0 0 1 .5-.5h2V0H2Zm2 10.5H2a.5.5 0 0 1-.5-.5V8H0v2a2 2 0 0 0 2 2h2v-1.5ZM8 12v-1.5h2a.5.5 0 0 0 .5-.5V8H12v2a2 2 0 0 1-2 2H8Zm2-12a2 2 0 0 1 2 2v2h-1.5V2a.5.5 0 0 0-.5-.5H8V0h2Z\" \/>\n\t\t\t<\/svg>\n\t\t<\/button><\/figure>\n\n\n\n<p>Elle n\u2019a pas de s\u00e9rie, pas de lien, pas de contexte. Elle surgit. Et elle tient.<br>Je ne veux pas l\u2019expliquer. Je ne veux pas la ranger.<br>Elle n\u2019a pas besoin d\u2019histoire pour exister.<br>Ces photos sont des fragments. Des gestes isol\u00e9s, des bouts d\u2019\u0153il.<br>Des images qu\u2019on pourrait croire perdues\u2026 mais qui savent tr\u00e8s bien o\u00f9 elles vont.<br>Il n\u2019y a pas de suite.<br>Du moins, pas en apparence<\/p>\n\n\n\n<div class=\"wp-block-group is-layout-grid wp-container-core-group-is-layout-478b6e6b wp-block-group-is-layout-grid\">\n<figure data-wp-context=\"{&quot;imageId&quot;:&quot;69eb76560924a&quot;}\" data-wp-interactive=\"core\/image\" data-wp-key=\"69eb76560924a\" class=\"wp-block-image size-large wp-lightbox-container\"><img loading=\"lazy\" decoding=\"async\" width=\"1024\" height=\"768\" data-wp-class--hide=\"state.isContentHidden\" data-wp-class--show=\"state.isContentVisible\" data-wp-init=\"callbacks.setButtonStyles\" data-wp-on--click=\"actions.showLightbox\" data-wp-on--load=\"callbacks.setButtonStyles\" data-wp-on-window--resize=\"callbacks.setButtonStyles\" src=\"http:\/\/www.bimpson.fr\/wp-content\/uploads\/2025\/02\/P3100318-1024x768.jpg\" alt=\"\" class=\"wp-image-160\" srcset=\"https:\/\/www.bimpson.fr\/wp-content\/uploads\/2025\/02\/P3100318-1024x768.jpg 1024w, https:\/\/www.bimpson.fr\/wp-content\/uploads\/2025\/02\/P3100318-300x225.jpg 300w, https:\/\/www.bimpson.fr\/wp-content\/uploads\/2025\/02\/P3100318-768x576.jpg 768w, https:\/\/www.bimpson.fr\/wp-content\/uploads\/2025\/02\/P3100318-1536x1152.jpg 1536w, https:\/\/www.bimpson.fr\/wp-content\/uploads\/2025\/02\/P3100318-2048x1536.jpg 2048w\" sizes=\"auto, (max-width: 1024px) 100vw, 1024px\" \/><button\n\t\t\tclass=\"lightbox-trigger\"\n\t\t\ttype=\"button\"\n\t\t\taria-haspopup=\"dialog\"\n\t\t\taria-label=\"Agrandir\"\n\t\t\tdata-wp-init=\"callbacks.initTriggerButton\"\n\t\t\tdata-wp-on--click=\"actions.showLightbox\"\n\t\t\tdata-wp-style--right=\"state.imageButtonRight\"\n\t\t\tdata-wp-style--top=\"state.imageButtonTop\"\n\t\t>\n\t\t\t<svg xmlns=\"http:\/\/www.w3.org\/2000\/svg\" width=\"12\" height=\"12\" fill=\"none\" viewBox=\"0 0 12 12\">\n\t\t\t\t<path fill=\"#fff\" d=\"M2 0a2 2 0 0 0-2 2v2h1.5V2a.5.5 0 0 1 .5-.5h2V0H2Zm2 10.5H2a.5.5 0 0 1-.5-.5V8H0v2a2 2 0 0 0 2 2h2v-1.5ZM8 12v-1.5h2a.5.5 0 0 0 .5-.5V8H12v2a2 2 0 0 1-2 2H8Zm2-12a2 2 0 0 1 2 2v2h-1.5V2a.5.5 0 0 0-.5-.5H8V0h2Z\" \/>\n\t\t\t<\/svg>\n\t\t<\/button><\/figure>\n\n\n\n<figure data-wp-context=\"{&quot;imageId&quot;:&quot;69eb7656095e6&quot;}\" data-wp-interactive=\"core\/image\" data-wp-key=\"69eb7656095e6\" class=\"wp-block-image size-large wp-lightbox-container\"><img loading=\"lazy\" decoding=\"async\" width=\"1024\" height=\"768\" data-wp-class--hide=\"state.isContentHidden\" data-wp-class--show=\"state.isContentVisible\" data-wp-init=\"callbacks.setButtonStyles\" data-wp-on--click=\"actions.showLightbox\" data-wp-on--load=\"callbacks.setButtonStyles\" data-wp-on-window--resize=\"callbacks.setButtonStyles\" src=\"http:\/\/www.bimpson.fr\/wp-content\/uploads\/2025\/02\/P4140523-1024x768.jpg\" alt=\"\" class=\"wp-image-161\" srcset=\"https:\/\/www.bimpson.fr\/wp-content\/uploads\/2025\/02\/P4140523-1024x768.jpg 1024w, https:\/\/www.bimpson.fr\/wp-content\/uploads\/2025\/02\/P4140523-300x225.jpg 300w, https:\/\/www.bimpson.fr\/wp-content\/uploads\/2025\/02\/P4140523-768x576.jpg 768w, https:\/\/www.bimpson.fr\/wp-content\/uploads\/2025\/02\/P4140523-1536x1152.jpg 1536w, https:\/\/www.bimpson.fr\/wp-content\/uploads\/2025\/02\/P4140523-2048x1536.jpg 2048w\" sizes=\"auto, (max-width: 1024px) 100vw, 1024px\" \/><button\n\t\t\tclass=\"lightbox-trigger\"\n\t\t\ttype=\"button\"\n\t\t\taria-haspopup=\"dialog\"\n\t\t\taria-label=\"Agrandir\"\n\t\t\tdata-wp-init=\"callbacks.initTriggerButton\"\n\t\t\tdata-wp-on--click=\"actions.showLightbox\"\n\t\t\tdata-wp-style--right=\"state.imageButtonRight\"\n\t\t\tdata-wp-style--top=\"state.imageButtonTop\"\n\t\t>\n\t\t\t<svg xmlns=\"http:\/\/www.w3.org\/2000\/svg\" width=\"12\" height=\"12\" fill=\"none\" viewBox=\"0 0 12 12\">\n\t\t\t\t<path fill=\"#fff\" d=\"M2 0a2 2 0 0 0-2 2v2h1.5V2a.5.5 0 0 1 .5-.5h2V0H2Zm2 10.5H2a.5.5 0 0 1-.5-.5V8H0v2a2 2 0 0 0 2 2h2v-1.5ZM8 12v-1.5h2a.5.5 0 0 0 .5-.5V8H12v2a2 2 0 0 1-2 2H8Zm2-12a2 2 0 0 1 2 2v2h-1.5V2a.5.5 0 0 0-.5-.5H8V0h2Z\" \/>\n\t\t\t<\/svg>\n\t\t<\/button><\/figure>\n\n\n\n<figure data-wp-context=\"{&quot;imageId&quot;:&quot;69eb76560992c&quot;}\" data-wp-interactive=\"core\/image\" data-wp-key=\"69eb76560992c\" class=\"wp-block-image size-large wp-lightbox-container\"><img loading=\"lazy\" decoding=\"async\" width=\"1024\" height=\"768\" data-wp-class--hide=\"state.isContentHidden\" data-wp-class--show=\"state.isContentVisible\" data-wp-init=\"callbacks.setButtonStyles\" data-wp-on--click=\"actions.showLightbox\" data-wp-on--load=\"callbacks.setButtonStyles\" data-wp-on-window--resize=\"callbacks.setButtonStyles\" src=\"http:\/\/www.bimpson.fr\/wp-content\/uploads\/2025\/02\/P9050488-1024x768.jpg\" alt=\"\" class=\"wp-image-164\" srcset=\"https:\/\/www.bimpson.fr\/wp-content\/uploads\/2025\/02\/P9050488-1024x768.jpg 1024w, https:\/\/www.bimpson.fr\/wp-content\/uploads\/2025\/02\/P9050488-300x225.jpg 300w, https:\/\/www.bimpson.fr\/wp-content\/uploads\/2025\/02\/P9050488-768x576.jpg 768w, https:\/\/www.bimpson.fr\/wp-content\/uploads\/2025\/02\/P9050488-1536x1152.jpg 1536w, https:\/\/www.bimpson.fr\/wp-content\/uploads\/2025\/02\/P9050488-2048x1536.jpg 2048w\" sizes=\"auto, (max-width: 1024px) 100vw, 1024px\" \/><button\n\t\t\tclass=\"lightbox-trigger\"\n\t\t\ttype=\"button\"\n\t\t\taria-haspopup=\"dialog\"\n\t\t\taria-label=\"Agrandir\"\n\t\t\tdata-wp-init=\"callbacks.initTriggerButton\"\n\t\t\tdata-wp-on--click=\"actions.showLightbox\"\n\t\t\tdata-wp-style--right=\"state.imageButtonRight\"\n\t\t\tdata-wp-style--top=\"state.imageButtonTop\"\n\t\t>\n\t\t\t<svg xmlns=\"http:\/\/www.w3.org\/2000\/svg\" width=\"12\" height=\"12\" fill=\"none\" viewBox=\"0 0 12 12\">\n\t\t\t\t<path fill=\"#fff\" d=\"M2 0a2 2 0 0 0-2 2v2h1.5V2a.5.5 0 0 1 .5-.5h2V0H2Zm2 10.5H2a.5.5 0 0 1-.5-.5V8H0v2a2 2 0 0 0 2 2h2v-1.5ZM8 12v-1.5h2a.5.5 0 0 0 .5-.5V8H12v2a2 2 0 0 1-2 2H8Zm2-12a2 2 0 0 1 2 2v2h-1.5V2a.5.5 0 0 0-.5-.5H8V0h2Z\" \/>\n\t\t\t<\/svg>\n\t\t<\/button><\/figure>\n<\/div>\n\n\n\n<p>Certaines sont trop singuli\u00e8res pour entrer dans un ensemble.<br>D\u2019autres sont les d\u00e9buts de s\u00e9ries qui ne sont jamais venues.<br>Mais elles ont un poids. Une densit\u00e9 autonome.<br>Ce sont des parenth\u00e8ses visuelles que je n\u2019ai pas voulu refermer.<br>Et parfois, \u00e7a suffit.<\/p>\n\n\n\n<div class=\"wp-block-group is-layout-grid wp-container-core-group-is-layout-478b6e6b wp-block-group-is-layout-grid\">\n<figure data-wp-context=\"{&quot;imageId&quot;:&quot;69eb76560a408&quot;}\" data-wp-interactive=\"core\/image\" data-wp-key=\"69eb76560a408\" class=\"wp-block-image size-large wp-lightbox-container\"><img loading=\"lazy\" decoding=\"async\" width=\"1024\" height=\"768\" data-wp-class--hide=\"state.isContentHidden\" data-wp-class--show=\"state.isContentVisible\" data-wp-init=\"callbacks.setButtonStyles\" data-wp-on--click=\"actions.showLightbox\" data-wp-on--load=\"callbacks.setButtonStyles\" data-wp-on-window--resize=\"callbacks.setButtonStyles\" src=\"http:\/\/www.bimpson.fr\/wp-content\/uploads\/2025\/04\/P2020617-1024x768.jpg\" alt=\"\" class=\"wp-image-255\" srcset=\"https:\/\/www.bimpson.fr\/wp-content\/uploads\/2025\/04\/P2020617-1024x768.jpg 1024w, https:\/\/www.bimpson.fr\/wp-content\/uploads\/2025\/04\/P2020617-300x225.jpg 300w, https:\/\/www.bimpson.fr\/wp-content\/uploads\/2025\/04\/P2020617-768x576.jpg 768w, https:\/\/www.bimpson.fr\/wp-content\/uploads\/2025\/04\/P2020617-1536x1152.jpg 1536w, https:\/\/www.bimpson.fr\/wp-content\/uploads\/2025\/04\/P2020617-2048x1536.jpg 2048w\" sizes=\"auto, (max-width: 1024px) 100vw, 1024px\" \/><button\n\t\t\tclass=\"lightbox-trigger\"\n\t\t\ttype=\"button\"\n\t\t\taria-haspopup=\"dialog\"\n\t\t\taria-label=\"Agrandir\"\n\t\t\tdata-wp-init=\"callbacks.initTriggerButton\"\n\t\t\tdata-wp-on--click=\"actions.showLightbox\"\n\t\t\tdata-wp-style--right=\"state.imageButtonRight\"\n\t\t\tdata-wp-style--top=\"state.imageButtonTop\"\n\t\t>\n\t\t\t<svg xmlns=\"http:\/\/www.w3.org\/2000\/svg\" width=\"12\" height=\"12\" fill=\"none\" viewBox=\"0 0 12 12\">\n\t\t\t\t<path fill=\"#fff\" d=\"M2 0a2 2 0 0 0-2 2v2h1.5V2a.5.5 0 0 1 .5-.5h2V0H2Zm2 10.5H2a.5.5 0 0 1-.5-.5V8H0v2a2 2 0 0 0 2 2h2v-1.5ZM8 12v-1.5h2a.5.5 0 0 0 .5-.5V8H12v2a2 2 0 0 1-2 2H8Zm2-12a2 2 0 0 1 2 2v2h-1.5V2a.5.5 0 0 0-.5-.5H8V0h2Z\" \/>\n\t\t\t<\/svg>\n\t\t<\/button><\/figure>\n\n\n\n<figure data-wp-context=\"{&quot;imageId&quot;:&quot;69eb76560a754&quot;}\" data-wp-interactive=\"core\/image\" data-wp-key=\"69eb76560a754\" class=\"wp-block-image size-large wp-lightbox-container\"><img loading=\"lazy\" decoding=\"async\" width=\"1024\" height=\"768\" data-wp-class--hide=\"state.isContentHidden\" data-wp-class--show=\"state.isContentVisible\" data-wp-init=\"callbacks.setButtonStyles\" data-wp-on--click=\"actions.showLightbox\" data-wp-on--load=\"callbacks.setButtonStyles\" data-wp-on-window--resize=\"callbacks.setButtonStyles\" src=\"http:\/\/www.bimpson.fr\/wp-content\/uploads\/2025\/02\/P7131822-2-1024x768.jpg\" alt=\"\" class=\"wp-image-162\" srcset=\"https:\/\/www.bimpson.fr\/wp-content\/uploads\/2025\/02\/P7131822-2-1024x768.jpg 1024w, https:\/\/www.bimpson.fr\/wp-content\/uploads\/2025\/02\/P7131822-2-300x225.jpg 300w, https:\/\/www.bimpson.fr\/wp-content\/uploads\/2025\/02\/P7131822-2-768x576.jpg 768w, https:\/\/www.bimpson.fr\/wp-content\/uploads\/2025\/02\/P7131822-2-1536x1152.jpg 1536w, https:\/\/www.bimpson.fr\/wp-content\/uploads\/2025\/02\/P7131822-2-2048x1536.jpg 2048w\" sizes=\"auto, (max-width: 1024px) 100vw, 1024px\" \/><button\n\t\t\tclass=\"lightbox-trigger\"\n\t\t\ttype=\"button\"\n\t\t\taria-haspopup=\"dialog\"\n\t\t\taria-label=\"Agrandir\"\n\t\t\tdata-wp-init=\"callbacks.initTriggerButton\"\n\t\t\tdata-wp-on--click=\"actions.showLightbox\"\n\t\t\tdata-wp-style--right=\"state.imageButtonRight\"\n\t\t\tdata-wp-style--top=\"state.imageButtonTop\"\n\t\t>\n\t\t\t<svg xmlns=\"http:\/\/www.w3.org\/2000\/svg\" width=\"12\" height=\"12\" fill=\"none\" viewBox=\"0 0 12 12\">\n\t\t\t\t<path fill=\"#fff\" d=\"M2 0a2 2 0 0 0-2 2v2h1.5V2a.5.5 0 0 1 .5-.5h2V0H2Zm2 10.5H2a.5.5 0 0 1-.5-.5V8H0v2a2 2 0 0 0 2 2h2v-1.5ZM8 12v-1.5h2a.5.5 0 0 0 .5-.5V8H12v2a2 2 0 0 1-2 2H8Zm2-12a2 2 0 0 1 2 2v2h-1.5V2a.5.5 0 0 0-.5-.5H8V0h2Z\" \/>\n\t\t\t<\/svg>\n\t\t<\/button><\/figure>\n\n\n\n<figure data-wp-context=\"{&quot;imageId&quot;:&quot;69eb76560aa9f&quot;}\" data-wp-interactive=\"core\/image\" data-wp-key=\"69eb76560aa9f\" class=\"wp-block-image size-large wp-lightbox-container\"><img loading=\"lazy\" decoding=\"async\" width=\"1024\" height=\"768\" data-wp-class--hide=\"state.isContentHidden\" data-wp-class--show=\"state.isContentVisible\" data-wp-init=\"callbacks.setButtonStyles\" data-wp-on--click=\"actions.showLightbox\" data-wp-on--load=\"callbacks.setButtonStyles\" data-wp-on-window--resize=\"callbacks.setButtonStyles\" src=\"http:\/\/www.bimpson.fr\/wp-content\/uploads\/2025\/04\/PC300559-1024x768.jpg\" alt=\"\" class=\"wp-image-256\" srcset=\"https:\/\/www.bimpson.fr\/wp-content\/uploads\/2025\/04\/PC300559-1024x768.jpg 1024w, https:\/\/www.bimpson.fr\/wp-content\/uploads\/2025\/04\/PC300559-300x225.jpg 300w, https:\/\/www.bimpson.fr\/wp-content\/uploads\/2025\/04\/PC300559-768x576.jpg 768w, https:\/\/www.bimpson.fr\/wp-content\/uploads\/2025\/04\/PC300559-1536x1152.jpg 1536w, https:\/\/www.bimpson.fr\/wp-content\/uploads\/2025\/04\/PC300559-2048x1536.jpg 2048w\" sizes=\"auto, (max-width: 1024px) 100vw, 1024px\" \/><button\n\t\t\tclass=\"lightbox-trigger\"\n\t\t\ttype=\"button\"\n\t\t\taria-haspopup=\"dialog\"\n\t\t\taria-label=\"Agrandir\"\n\t\t\tdata-wp-init=\"callbacks.initTriggerButton\"\n\t\t\tdata-wp-on--click=\"actions.showLightbox\"\n\t\t\tdata-wp-style--right=\"state.imageButtonRight\"\n\t\t\tdata-wp-style--top=\"state.imageButtonTop\"\n\t\t>\n\t\t\t<svg xmlns=\"http:\/\/www.w3.org\/2000\/svg\" width=\"12\" height=\"12\" fill=\"none\" viewBox=\"0 0 12 12\">\n\t\t\t\t<path fill=\"#fff\" d=\"M2 0a2 2 0 0 0-2 2v2h1.5V2a.5.5 0 0 1 .5-.5h2V0H2Zm2 10.5H2a.5.5 0 0 1-.5-.5V8H0v2a2 2 0 0 0 2 2h2v-1.5ZM8 12v-1.5h2a.5.5 0 0 0 .5-.5V8H12v2a2 2 0 0 1-2 2H8Zm2-12a2 2 0 0 1 2 2v2h-1.5V2a.5.5 0 0 0-.5-.5H8V0h2Z\" \/>\n\t\t\t<\/svg>\n\t\t<\/button><\/figure>\n<\/div>\n\n\n\n<blockquote class=\"wp-block-quote is-layout-flow wp-block-quote-is-layout-flow\">\n<p>\u201cUne suite de petites volont\u00e9s fait un gros r\u00e9sultat.\u201d<\/p>\n\n\n\n<p>Charles Baudelaire<\/p>\n<\/blockquote>\n\n\n\n<p><\/p>\n\n\n\n<div class=\"wp-block-group is-layout-grid wp-container-core-group-is-layout-478b6e6b wp-block-group-is-layout-grid\">\n<figure data-wp-context=\"{&quot;imageId&quot;:&quot;69eb76560aef8&quot;}\" data-wp-interactive=\"core\/image\" data-wp-key=\"69eb76560aef8\" class=\"wp-block-image size-large wp-lightbox-container\"><img loading=\"lazy\" decoding=\"async\" width=\"768\" height=\"1024\" data-wp-class--hide=\"state.isContentHidden\" data-wp-class--show=\"state.isContentVisible\" data-wp-init=\"callbacks.setButtonStyles\" data-wp-on--click=\"actions.showLightbox\" data-wp-on--load=\"callbacks.setButtonStyles\" data-wp-on-window--resize=\"callbacks.setButtonStyles\" src=\"http:\/\/www.bimpson.fr\/wp-content\/uploads\/2025\/02\/sans-titre-17-sur-26-768x1024.jpg\" alt=\"\" class=\"wp-image-172\" srcset=\"https:\/\/www.bimpson.fr\/wp-content\/uploads\/2025\/02\/sans-titre-17-sur-26-768x1024.jpg 768w, https:\/\/www.bimpson.fr\/wp-content\/uploads\/2025\/02\/sans-titre-17-sur-26-225x300.jpg 225w, https:\/\/www.bimpson.fr\/wp-content\/uploads\/2025\/02\/sans-titre-17-sur-26-1152x1536.jpg 1152w, https:\/\/www.bimpson.fr\/wp-content\/uploads\/2025\/02\/sans-titre-17-sur-26-1536x2048.jpg 1536w, https:\/\/www.bimpson.fr\/wp-content\/uploads\/2025\/02\/sans-titre-17-sur-26-scaled.jpg 1920w\" sizes=\"auto, (max-width: 768px) 100vw, 768px\" \/><button\n\t\t\tclass=\"lightbox-trigger\"\n\t\t\ttype=\"button\"\n\t\t\taria-haspopup=\"dialog\"\n\t\t\taria-label=\"Agrandir\"\n\t\t\tdata-wp-init=\"callbacks.initTriggerButton\"\n\t\t\tdata-wp-on--click=\"actions.showLightbox\"\n\t\t\tdata-wp-style--right=\"state.imageButtonRight\"\n\t\t\tdata-wp-style--top=\"state.imageButtonTop\"\n\t\t>\n\t\t\t<svg xmlns=\"http:\/\/www.w3.org\/2000\/svg\" width=\"12\" height=\"12\" fill=\"none\" viewBox=\"0 0 12 12\">\n\t\t\t\t<path fill=\"#fff\" d=\"M2 0a2 2 0 0 0-2 2v2h1.5V2a.5.5 0 0 1 .5-.5h2V0H2Zm2 10.5H2a.5.5 0 0 1-.5-.5V8H0v2a2 2 0 0 0 2 2h2v-1.5ZM8 12v-1.5h2a.5.5 0 0 0 .5-.5V8H12v2a2 2 0 0 1-2 2H8Zm2-12a2 2 0 0 1 2 2v2h-1.5V2a.5.5 0 0 0-.5-.5H8V0h2Z\" \/>\n\t\t\t<\/svg>\n\t\t<\/button><\/figure>\n\n\n\n<figure data-wp-context=\"{&quot;imageId&quot;:&quot;69eb76560b22a&quot;}\" data-wp-interactive=\"core\/image\" data-wp-key=\"69eb76560b22a\" class=\"wp-block-image size-large wp-lightbox-container\"><img loading=\"lazy\" decoding=\"async\" width=\"698\" height=\"1024\" data-wp-class--hide=\"state.isContentHidden\" data-wp-class--show=\"state.isContentVisible\" data-wp-init=\"callbacks.setButtonStyles\" data-wp-on--click=\"actions.showLightbox\" data-wp-on--load=\"callbacks.setButtonStyles\" data-wp-on-window--resize=\"callbacks.setButtonStyles\" src=\"http:\/\/www.bimpson.fr\/wp-content\/uploads\/2025\/02\/sans-titre-4-sur-26-698x1024.jpg\" alt=\"\" class=\"wp-image-167\" srcset=\"https:\/\/www.bimpson.fr\/wp-content\/uploads\/2025\/02\/sans-titre-4-sur-26-698x1024.jpg 698w, https:\/\/www.bimpson.fr\/wp-content\/uploads\/2025\/02\/sans-titre-4-sur-26-204x300.jpg 204w, https:\/\/www.bimpson.fr\/wp-content\/uploads\/2025\/02\/sans-titre-4-sur-26-768x1127.jpg 768w, https:\/\/www.bimpson.fr\/wp-content\/uploads\/2025\/02\/sans-titre-4-sur-26-1046x1536.jpg 1046w, https:\/\/www.bimpson.fr\/wp-content\/uploads\/2025\/02\/sans-titre-4-sur-26-1395x2048.jpg 1395w, https:\/\/www.bimpson.fr\/wp-content\/uploads\/2025\/02\/sans-titre-4-sur-26-scaled.jpg 1744w\" sizes=\"auto, (max-width: 698px) 100vw, 698px\" \/><button\n\t\t\tclass=\"lightbox-trigger\"\n\t\t\ttype=\"button\"\n\t\t\taria-haspopup=\"dialog\"\n\t\t\taria-label=\"Agrandir\"\n\t\t\tdata-wp-init=\"callbacks.initTriggerButton\"\n\t\t\tdata-wp-on--click=\"actions.showLightbox\"\n\t\t\tdata-wp-style--right=\"state.imageButtonRight\"\n\t\t\tdata-wp-style--top=\"state.imageButtonTop\"\n\t\t>\n\t\t\t<svg xmlns=\"http:\/\/www.w3.org\/2000\/svg\" width=\"12\" height=\"12\" fill=\"none\" viewBox=\"0 0 12 12\">\n\t\t\t\t<path fill=\"#fff\" d=\"M2 0a2 2 0 0 0-2 2v2h1.5V2a.5.5 0 0 1 .5-.5h2V0H2Zm2 10.5H2a.5.5 0 0 1-.5-.5V8H0v2a2 2 0 0 0 2 2h2v-1.5ZM8 12v-1.5h2a.5.5 0 0 0 .5-.5V8H12v2a2 2 0 0 1-2 2H8Zm2-12a2 2 0 0 1 2 2v2h-1.5V2a.5.5 0 0 0-.5-.5H8V0h2Z\" \/>\n\t\t\t<\/svg>\n\t\t<\/button><\/figure>\n\n\n\n<figure data-wp-context=\"{&quot;imageId&quot;:&quot;69eb76560b571&quot;}\" data-wp-interactive=\"core\/image\" data-wp-key=\"69eb76560b571\" class=\"wp-block-image size-large wp-lightbox-container\"><img loading=\"lazy\" decoding=\"async\" width=\"768\" height=\"1024\" data-wp-class--hide=\"state.isContentHidden\" data-wp-class--show=\"state.isContentVisible\" data-wp-init=\"callbacks.setButtonStyles\" data-wp-on--click=\"actions.showLightbox\" data-wp-on--load=\"callbacks.setButtonStyles\" data-wp-on-window--resize=\"callbacks.setButtonStyles\" src=\"http:\/\/www.bimpson.fr\/wp-content\/uploads\/2025\/02\/sans-titre-27-sur-26-768x1024.jpg\" alt=\"\" class=\"wp-image-177\" srcset=\"https:\/\/www.bimpson.fr\/wp-content\/uploads\/2025\/02\/sans-titre-27-sur-26-768x1024.jpg 768w, https:\/\/www.bimpson.fr\/wp-content\/uploads\/2025\/02\/sans-titre-27-sur-26-225x300.jpg 225w, https:\/\/www.bimpson.fr\/wp-content\/uploads\/2025\/02\/sans-titre-27-sur-26-1152x1536.jpg 1152w, https:\/\/www.bimpson.fr\/wp-content\/uploads\/2025\/02\/sans-titre-27-sur-26-1536x2048.jpg 1536w, https:\/\/www.bimpson.fr\/wp-content\/uploads\/2025\/02\/sans-titre-27-sur-26-scaled.jpg 1920w\" sizes=\"auto, (max-width: 768px) 100vw, 768px\" \/><button\n\t\t\tclass=\"lightbox-trigger\"\n\t\t\ttype=\"button\"\n\t\t\taria-haspopup=\"dialog\"\n\t\t\taria-label=\"Agrandir\"\n\t\t\tdata-wp-init=\"callbacks.initTriggerButton\"\n\t\t\tdata-wp-on--click=\"actions.showLightbox\"\n\t\t\tdata-wp-style--right=\"state.imageButtonRight\"\n\t\t\tdata-wp-style--top=\"state.imageButtonTop\"\n\t\t>\n\t\t\t<svg xmlns=\"http:\/\/www.w3.org\/2000\/svg\" width=\"12\" height=\"12\" fill=\"none\" viewBox=\"0 0 12 12\">\n\t\t\t\t<path fill=\"#fff\" d=\"M2 0a2 2 0 0 0-2 2v2h1.5V2a.5.5 0 0 1 .5-.5h2V0H2Zm2 10.5H2a.5.5 0 0 1-.5-.5V8H0v2a2 2 0 0 0 2 2h2v-1.5ZM8 12v-1.5h2a.5.5 0 0 0 .5-.5V8H12v2a2 2 0 0 1-2 2H8Zm2-12a2 2 0 0 1 2 2v2h-1.5V2a.5.5 0 0 0-.5-.5H8V0h2Z\" \/>\n\t\t\t<\/svg>\n\t\t<\/button><\/figure>\n<\/div>\n","protected":false},"excerpt":{"rendered":"<p>Parfois, une image s\u2019impose seule. Elle n\u2019a pas de s\u00e9rie, pas de lien, pas de contexte. Elle surgit. Et elle tient.Je ne veux pas l\u2019expliquer. Je ne veux pas la ranger.Elle n\u2019a pas besoin d\u2019histoire pour exister.Ces photos sont des fragments. Des gestes isol\u00e9s, des bouts d\u2019\u0153il.Des images qu\u2019on pourrait croire perdues\u2026 mais qui savent&hellip;<\/p>\n","protected":false},"author":1,"featured_media":0,"parent":0,"menu_order":0,"comment_status":"closed","ping_status":"closed","template":"","meta":{"footnotes":""},"class_list":["post-36","page","type-page","status-publish","hentry"],"jetpack_sharing_enabled":true,"_links":{"self":[{"href":"https:\/\/www.bimpson.fr\/index.php\/wp-json\/wp\/v2\/pages\/36","targetHints":{"allow":["GET"]}}],"collection":[{"href":"https:\/\/www.bimpson.fr\/index.php\/wp-json\/wp\/v2\/pages"}],"about":[{"href":"https:\/\/www.bimpson.fr\/index.php\/wp-json\/wp\/v2\/types\/page"}],"author":[{"embeddable":true,"href":"https:\/\/www.bimpson.fr\/index.php\/wp-json\/wp\/v2\/users\/1"}],"replies":[{"embeddable":true,"href":"https:\/\/www.bimpson.fr\/index.php\/wp-json\/wp\/v2\/comments?post=36"}],"version-history":[{"count":11,"href":"https:\/\/www.bimpson.fr\/index.php\/wp-json\/wp\/v2\/pages\/36\/revisions"}],"predecessor-version":[{"id":619,"href":"https:\/\/www.bimpson.fr\/index.php\/wp-json\/wp\/v2\/pages\/36\/revisions\/619"}],"wp:attachment":[{"href":"https:\/\/www.bimpson.fr\/index.php\/wp-json\/wp\/v2\/media?parent=36"}],"curies":[{"name":"wp","href":"https:\/\/api.w.org\/{rel}","templated":true}]}}